{"id":812,"date":"2021-11-23T12:35:39","date_gmt":"2021-11-23T11:35:39","guid":{"rendered":"https:\/\/www.eptamachinery.com\/generatori-inverter-insonorizzati\/"},"modified":"2021-12-07T16:34:37","modified_gmt":"2021-12-07T15:34:37","slug":"generateurs-inverter-insonorises","status":"publish","type":"page","link":"https:\/\/www.eptamachinery.com\/fr\/generateurs-inverter-insonorises\/","title":{"rendered":"G\u00e9n\u00e9rateurs inverter insonoris\u00e9s"},"content":{"rendered":"<div class=\"fusion-fullwidth fullwidth-box fusion-builder-row-1 fusion-flex-container nonhundred-percent-fullwidth non-hundred-percent-height-scrolling\" style=\"background-color: rgba(255,255,255,0);background-position: center center;background-repeat: no-repeat;border-width: 0px 0px 0px 0px;border-color:#e2e2e2;border-style:solid;\" ><div class=\"fusion-builder-row fusion-row fusion-flex-align-items-flex-start\" style=\"max-width:1352px;margin-left: calc(-4% \/ 2 );margin-right: calc(-4% \/ 2 );\"><div class=\"fusion-layout-column fusion_builder_column fusion-builder-column-0 fusion_builder_column_1_1 1_1 fusion-flex-column\"><div class=\"fusion-column-wrapper fusion-flex-justify-content-flex-start fusion-content-layout-column\" style=\"background-position:left top;background-repeat:no-repeat;-webkit-background-size:cover;-moz-background-size:cover;-o-background-size:cover;background-size:cover;padding: 0px 0px 0px 0px;\"><style type=\"text\/css\">.fusion-portfolio-wrapper#fusion-portfolio-1 .fusion-portfolio-content{  text-align: left; }<\/style><div class=\"fusion-recent-works fusion-portfolio-element fusion-portfolio fusion-portfolio-1 fusion-portfolio-grid fusion-portfolio-paging-none fusion-portfolio-two fusion-portfolio-unboxed fusion-portfolio-text fusion-portfolio-rollover\" data-id=\"-rw-1\" data-columns=\"two\"><style type=\"text\/css\">.fusion-portfolio-1 .fusion-portfolio-wrapper .fusion-col-spacing{padding:15px;}<\/style><div class=\"fusion-portfolio-wrapper\" id=\"fusion-portfolio-1\" data-picturesize=\"auto\" data-pages=\"1\" style=\"margin:-15px;\"><article id=\"portfolio-1-post-779\" class=\"fusion-portfolio-post generateurs-inverter-insonorises fusion-col-spacing post-779\"><div class=\"fusion-portfolio-content-wrapper\" style=\"border:none;\"><span class=\"vcard rich-snippet-hidden\"><span class=\"fn\"><a href=\"https:\/\/www.eptamachinery.com\/fr\/author\/admin\/\" title=\"Articles par admin\" rel=\"author\">admin<\/a><\/span><\/span><span class=\"updated rich-snippet-hidden\">2022-03-29T18:05:03+02:00<\/span><div  class=\"fusion-image-wrapper\" aria-haspopup=\"true\">\n\t\t\t\t<img width=\"1200\" height=\"1200\" src=\"https:\/\/www.eptamachinery.com\/wp-content\/uploads\/2021\/11\/EMI2200IS.jpg\" class=\"attachment-full size-full wp-post-image\" alt=\"\" srcset=\"https:\/\/www.eptamachinery.com\/wp-content\/uploads\/2021\/11\/EMI2200IS-200x200.jpg 200w, https:\/\/www.eptamachinery.com\/wp-content\/uploads\/2021\/11\/EMI2200IS-400x400.jpg 400w, https:\/\/www.eptamachinery.com\/wp-content\/uploads\/2021\/11\/EMI2200IS-600x600.jpg 600w, https:\/\/www.eptamachinery.com\/wp-content\/uploads\/2021\/11\/EMI2200IS-800x800.jpg 800w, https:\/\/www.eptamachinery.com\/wp-content\/uploads\/2021\/11\/EMI2200IS.jpg 1200w\" sizes=\"(min-width: 2200px) 100vw, (min-width: 712px) 635px, (min-width: 640px) 712px, \" \/><div class=\"fusion-rollover\">\n\t<div class=\"fusion-rollover-content\">\n\n\t\t\t\t\n\t\t\n\t\t\t\t\t\t\t\t\t\t\t\t<h4 class=\"fusion-rollover-title\">\n\t\t\t\t\t<a class=\"fusion-rollover-title-link\" href=\"https:\/\/www.eptamachinery.com\/fr\/prodotti\/emi-2200is\/?portfolioCats=36\">\n\t\t\t\t\t\tEMI 2000IS\t\t\t\t\t<\/a>\n\t\t\t\t<\/h4>\n\t\t\t\n\t\t\t\t\t\t\t\t\t\t<div class=\"fusion-rollover-categories\"><a href=\"https:\/\/www.eptamachinery.com\/fr\/portfolio_category\/generateurs-inverter-insonorises\/\" rel=\"tag\">G\u00e9n\u00e9rateurs inverter insonoris\u00e9s<\/a><\/div>\t\t\t\t\t\n\t\t\n\t\t\t\t\t\t<a class=\"fusion-link-wrapper\" href=\"https:\/\/www.eptamachinery.com\/fr\/prodotti\/emi-2200is\/?portfolioCats=36\" aria-label=\"EMI 2000IS\"><\/a>\n\t<\/div>\n<\/div>\n<\/div>\n<div class=\"fusion-portfolio-content\"><h2 class=\"entry-title fusion-post-title\"><a href=\"https:\/\/www.eptamachinery.com\/fr\/prodotti\/emi-2200is\/?portfolioCats=36\">EMI 2000IS<\/a><\/h2><div class=\"fusion-portfolio-meta\"><a href=\"https:\/\/www.eptamachinery.com\/fr\/portfolio_category\/generateurs-inverter-insonorises\/\" rel=\"tag\">G\u00e9n\u00e9rateurs inverter insonoris\u00e9s<\/a><\/div><div class=\"fusion-post-content\"><p>  G\u00e9n\u00e9rateurs inverter insonoris\u00e9s  EMI 2000IS  <\/p><\/div><\/div><\/div><\/article><article id=\"portfolio-1-post-784\" class=\"fusion-portfolio-post generateurs-inverter-insonorises fusion-col-spacing post-784\"><div class=\"fusion-portfolio-content-wrapper\" style=\"border:none;\"><span class=\"vcard rich-snippet-hidden\"><span class=\"fn\"><a href=\"https:\/\/www.eptamachinery.com\/fr\/author\/admin\/\" title=\"Articles par admin\" rel=\"author\">admin<\/a><\/span><\/span><span class=\"updated rich-snippet-hidden\">2022-03-29T18:11:35+02:00<\/span><div  class=\"fusion-image-wrapper\" aria-haspopup=\"true\">\n\t\t\t\t<img width=\"1200\" height=\"1200\" src=\"https:\/\/www.eptamachinery.com\/wp-content\/uploads\/2021\/11\/EMI3000IE.jpg\" class=\"attachment-full size-full wp-post-image\" alt=\"\" srcset=\"https:\/\/www.eptamachinery.com\/wp-content\/uploads\/2021\/11\/EMI3000IE-200x200.jpg 200w, https:\/\/www.eptamachinery.com\/wp-content\/uploads\/2021\/11\/EMI3000IE-400x400.jpg 400w, https:\/\/www.eptamachinery.com\/wp-content\/uploads\/2021\/11\/EMI3000IE-600x600.jpg 600w, https:\/\/www.eptamachinery.com\/wp-content\/uploads\/2021\/11\/EMI3000IE-800x800.jpg 800w, https:\/\/www.eptamachinery.com\/wp-content\/uploads\/2021\/11\/EMI3000IE.jpg 1200w\" sizes=\"(min-width: 2200px) 100vw, (min-width: 712px) 635px, (min-width: 640px) 712px, \" \/><div class=\"fusion-rollover\">\n\t<div class=\"fusion-rollover-content\">\n\n\t\t\t\t\n\t\t\n\t\t\t\t\t\t\t\t\t\t\t\t<h4 class=\"fusion-rollover-title\">\n\t\t\t\t\t<a class=\"fusion-rollover-title-link\" href=\"https:\/\/www.eptamachinery.com\/fr\/prodotti\/emi-3000ie\/?portfolioCats=36\">\n\t\t\t\t\t\tEMI 3000IE\t\t\t\t\t<\/a>\n\t\t\t\t<\/h4>\n\t\t\t\n\t\t\t\t\t\t\t\t\t\t<div class=\"fusion-rollover-categories\"><a href=\"https:\/\/www.eptamachinery.com\/fr\/portfolio_category\/generateurs-inverter-insonorises\/\" rel=\"tag\">G\u00e9n\u00e9rateurs inverter insonoris\u00e9s<\/a><\/div>\t\t\t\t\t\n\t\t\n\t\t\t\t\t\t<a class=\"fusion-link-wrapper\" href=\"https:\/\/www.eptamachinery.com\/fr\/prodotti\/emi-3000ie\/?portfolioCats=36\" aria-label=\"EMI 3000IE\"><\/a>\n\t<\/div>\n<\/div>\n<\/div>\n<div class=\"fusion-portfolio-content\"><h2 class=\"entry-title fusion-post-title\"><a href=\"https:\/\/www.eptamachinery.com\/fr\/prodotti\/emi-3000ie\/?portfolioCats=36\">EMI 3000IE<\/a><\/h2><div class=\"fusion-portfolio-meta\"><a href=\"https:\/\/www.eptamachinery.com\/fr\/portfolio_category\/generateurs-inverter-insonorises\/\" rel=\"tag\">G\u00e9n\u00e9rateurs inverter insonoris\u00e9s<\/a><\/div><div class=\"fusion-post-content\"><p>  G\u00e9n\u00e9rateurs inverter insonoris\u00e9s  EMI 3000IE  <\/p><\/div><\/div><\/div><\/article><\/div><\/div><\/div><style type=\"text\/css\">.fusion-body .fusion-builder-column-0{width:100% !important;margin-top : 0px;margin-bottom : 20px;}.fusion-builder-column-0 > .fusion-column-wrapper {padding-top : 0px !important;padding-right : 0px !important;margin-right : 1.92%;padding-bottom : 0px !important;padding-left : 0px !important;margin-left : 1.92%;}@media only screen and (max-width:1024px) {.fusion-body .fusion-builder-column-0{width:100% !important;order : 0;}.fusion-builder-column-0 > .fusion-column-wrapper {margin-right : 1.92%;margin-left : 1.92%;}}@media only screen and (max-width:640px) {.fusion-body .fusion-builder-column-0{width:100% !important;order : 0;}.fusion-builder-column-0 > .fusion-column-wrapper {margin-right : 1.92%;margin-left : 1.92%;}}<\/style><\/div><\/div><style type=\"text\/css\">.fusion-body .fusion-flex-container.fusion-builder-row-1{ padding-top : 0px;margin-top : 0px;padding-right : 0px;padding-bottom : 0px;margin-bottom : 0px;padding-left : 0px;}<\/style><\/div>\n","protected":false},"excerpt":{"rendered":"","protected":false},"author":1,"featured_media":0,"parent":0,"menu_order":0,"comment_status":"closed","ping_status":"closed","template":"","meta":[],"yoast_head":"<!-- This site is optimized with the Yoast SEO plugin v17.7.1 - https:\/\/yoast.com\/wordpress\/plugins\/seo\/ -->\n<title>G\u00e9n\u00e9rateurs inverter insonoris\u00e9s - eptamachinery<\/title>\n<meta name=\"robots\" content=\"index, follow, max-snippet:-1, max-image-preview:large, max-video-preview:-1\" \/>\n<link rel=\"canonical\" href=\"https:\/\/www.eptamachinery.com\/fr\/generateurs-inverter-insonorises\/\" \/>\n<meta property=\"og:locale\" content=\"fr_FR\" \/>\n<meta property=\"og:type\" content=\"article\" \/>\n<meta property=\"og:title\" content=\"G\u00e9n\u00e9rateurs inverter insonoris\u00e9s - eptamachinery\" \/>\n<meta property=\"og:url\" content=\"https:\/\/www.eptamachinery.com\/fr\/generateurs-inverter-insonorises\/\" \/>\n<meta property=\"og:site_name\" content=\"eptamachinery\" \/>\n<meta property=\"article:modified_time\" content=\"2021-12-07T15:34:37+00:00\" \/>\n<meta name=\"twitter:card\" content=\"summary_large_image\" \/>\n<meta name=\"twitter:label1\" content=\"Dur\u00e9e de lecture estim\u00e9e\" \/>\n\t<meta name=\"twitter:data1\" content=\"2 minutes\" \/>\n<script type=\"application\/ld+json\" class=\"yoast-schema-graph\">{\"@context\":\"https:\/\/schema.org\",\"@graph\":[{\"@type\":\"WebSite\",\"@id\":\"https:\/\/www.eptamachinery.com\/#website\",\"url\":\"https:\/\/www.eptamachinery.com\/\",\"name\":\"eptamachinery\",\"description\":\"\",\"potentialAction\":[{\"@type\":\"SearchAction\",\"target\":{\"@type\":\"EntryPoint\",\"urlTemplate\":\"https:\/\/www.eptamachinery.com\/?s={search_term_string}\"},\"query-input\":\"required name=search_term_string\"}],\"inLanguage\":\"fr-FR\"},{\"@type\":\"WebPage\",\"@id\":\"https:\/\/www.eptamachinery.com\/fr\/generateurs-inverter-insonorises\/#webpage\",\"url\":\"https:\/\/www.eptamachinery.com\/fr\/generateurs-inverter-insonorises\/\",\"name\":\"G\\u00e9n\\u00e9rateurs inverter insonoris\\u00e9s - eptamachinery\",\"isPartOf\":{\"@id\":\"https:\/\/www.eptamachinery.com\/#website\"},\"datePublished\":\"2021-11-23T11:35:39+00:00\",\"dateModified\":\"2021-12-07T15:34:37+00:00\",\"breadcrumb\":{\"@id\":\"https:\/\/www.eptamachinery.com\/fr\/generateurs-inverter-insonorises\/#breadcrumb\"},\"inLanguage\":\"fr-FR\",\"potentialAction\":[{\"@type\":\"ReadAction\",\"target\":[\"https:\/\/www.eptamachinery.com\/fr\/generateurs-inverter-insonorises\/\"]}]},{\"@type\":\"BreadcrumbList\",\"@id\":\"https:\/\/www.eptamachinery.com\/fr\/generateurs-inverter-insonorises\/#breadcrumb\",\"itemListElement\":[{\"@type\":\"ListItem\",\"position\":1,\"name\":\"Home\",\"item\":\"https:\/\/www.eptamachinery.com\/fr\/\"},{\"@type\":\"ListItem\",\"position\":2,\"name\":\"G\\u00e9n\\u00e9rateurs inverter insonoris\\u00e9s\"}]}]}<\/script>\n<!-- \/ Yoast SEO plugin. -->","yoast_head_json":{"title":"G\u00e9n\u00e9rateurs inverter insonoris\u00e9s - eptamachinery","robots":{"index":"index","follow":"follow","max-snippet":"max-snippet:-1","max-image-preview":"max-image-preview:large","max-video-preview":"max-video-preview:-1"},"canonical":"https:\/\/www.eptamachinery.com\/fr\/generateurs-inverter-insonorises\/","og_locale":"fr_FR","og_type":"article","og_title":"G\u00e9n\u00e9rateurs inverter insonoris\u00e9s - eptamachinery","og_url":"https:\/\/www.eptamachinery.com\/fr\/generateurs-inverter-insonorises\/","og_site_name":"eptamachinery","article_modified_time":"2021-12-07T15:34:37+00:00","twitter_card":"summary_large_image","twitter_misc":{"Dur\u00e9e de lecture estim\u00e9e":"2 minutes"},"schema":{"@context":"https:\/\/schema.org","@graph":[{"@type":"WebSite","@id":"https:\/\/www.eptamachinery.com\/#website","url":"https:\/\/www.eptamachinery.com\/","name":"eptamachinery","description":"","potentialAction":[{"@type":"SearchAction","target":{"@type":"EntryPoint","urlTemplate":"https:\/\/www.eptamachinery.com\/?s={search_term_string}"},"query-input":"required name=search_term_string"}],"inLanguage":"fr-FR"},{"@type":"WebPage","@id":"https:\/\/www.eptamachinery.com\/fr\/generateurs-inverter-insonorises\/#webpage","url":"https:\/\/www.eptamachinery.com\/fr\/generateurs-inverter-insonorises\/","name":"G\u00e9n\u00e9rateurs inverter insonoris\u00e9s - eptamachinery","isPartOf":{"@id":"https:\/\/www.eptamachinery.com\/#website"},"datePublished":"2021-11-23T11:35:39+00:00","dateModified":"2021-12-07T15:34:37+00:00","breadcrumb":{"@id":"https:\/\/www.eptamachinery.com\/fr\/generateurs-inverter-insonorises\/#breadcrumb"},"inLanguage":"fr-FR","potentialAction":[{"@type":"ReadAction","target":["https:\/\/www.eptamachinery.com\/fr\/generateurs-inverter-insonorises\/"]}]},{"@type":"BreadcrumbList","@id":"https:\/\/www.eptamachinery.com\/fr\/generateurs-inverter-insonorises\/#breadcrumb","itemListElement":[{"@type":"ListItem","position":1,"name":"Home","item":"https:\/\/www.eptamachinery.com\/fr\/"},{"@type":"ListItem","position":2,"name":"G\u00e9n\u00e9rateurs inverter insonoris\u00e9s"}]}]}},"_links":{"self":[{"href":"https:\/\/www.eptamachinery.com\/fr\/wp-json\/wp\/v2\/pages\/812"}],"collection":[{"href":"https:\/\/www.eptamachinery.com\/fr\/wp-json\/wp\/v2\/pages"}],"about":[{"href":"https:\/\/www.eptamachinery.com\/fr\/wp-json\/wp\/v2\/types\/page"}],"author":[{"embeddable":true,"href":"https:\/\/www.eptamachinery.com\/fr\/wp-json\/wp\/v2\/users\/1"}],"replies":[{"embeddable":true,"href":"https:\/\/www.eptamachinery.com\/fr\/wp-json\/wp\/v2\/comments?post=812"}],"version-history":[{"count":1,"href":"https:\/\/www.eptamachinery.com\/fr\/wp-json\/wp\/v2\/pages\/812\/revisions"}],"predecessor-version":[{"id":821,"href":"https:\/\/www.eptamachinery.com\/fr\/wp-json\/wp\/v2\/pages\/812\/revisions\/821"}],"wp:attachment":[{"href":"https:\/\/www.eptamachinery.com\/fr\/wp-json\/wp\/v2\/media?parent=812"}],"curies":[{"name":"wp","href":"https:\/\/api.w.org\/{rel}","templated":true}]}}