{"id":687,"date":"2021-12-06T16:56:32","date_gmt":"2021-12-06T15:56:32","guid":{"rendered":"https:\/\/www.eptamachinery.com\/?page_id=687"},"modified":"2021-12-09T11:16:40","modified_gmt":"2021-12-09T10:16:40","slug":"qui-nous-sommes","status":"publish","type":"page","link":"https:\/\/www.eptamachinery.com\/fr\/qui-nous-sommes\/","title":{"rendered":"Qui nous sommes"},"content":{"rendered":"<div class=\"fusion-fullwidth fullwidth-box fusion-builder-row-1 fusion-flex-container nonhundred-percent-fullwidth non-hundred-percent-height-scrolling\" style=\"background-color: rgba(255,255,255,0);background-position: center center;background-repeat: no-repeat;border-width: 0px 0px 0px 0px;border-color:#e2e2e2;border-style:solid;\" ><div class=\"fusion-builder-row fusion-row fusion-flex-align-items-center\" style=\"max-width:1352px;margin-left: calc(-4% \/ 2 );margin-right: calc(-4% \/ 2 );\"><div class=\"fusion-layout-column fusion_builder_column fusion-builder-column-0 fusion_builder_column_1_2 1_2 fusion-flex-column fusion-flex-align-self-flex-start\"><div class=\"fusion-column-wrapper fusion-flex-justify-content-flex-start fusion-content-layout-column\" style=\"background-position:center center;background-repeat:no-repeat;-webkit-background-size:cover;-moz-background-size:cover;-o-background-size:cover;background-size:cover;padding: 0px 0px 0px 0px;\"><div ><span class=\" fusion-imageframe imageframe-none imageframe-1 hover-type-none\"><img width=\"1021\" height=\"1373\" title=\"brand-identity\" src=\"http:\/\/www.eptamachinery.com\/wp-content\/uploads\/2021\/11\/brand-identity.jpg\" alt class=\"img-responsive wp-image-434\" srcset=\"https:\/\/www.eptamachinery.com\/wp-content\/uploads\/2021\/11\/brand-identity-200x269.jpg 200w, https:\/\/www.eptamachinery.com\/wp-content\/uploads\/2021\/11\/brand-identity-400x538.jpg 400w, https:\/\/www.eptamachinery.com\/wp-content\/uploads\/2021\/11\/brand-identity-600x807.jpg 600w, https:\/\/www.eptamachinery.com\/wp-content\/uploads\/2021\/11\/brand-identity-800x1076.jpg 800w, https:\/\/www.eptamachinery.com\/wp-content\/uploads\/2021\/11\/brand-identity.jpg 1021w\" sizes=\"(max-width: 640px) 100vw, 600px\" \/><\/span><\/div><\/div><style type=\"text\/css\">.fusion-body .fusion-builder-column-0{width:50% !important;margin-top : 0px;margin-bottom : 20px;}.fusion-builder-column-0 > .fusion-column-wrapper {padding-top : 0px !important;padding-right : 0px !important;margin-right : 9.6%;padding-bottom : 0px !important;padding-left : 0px !important;margin-left : 3.84%;}@media only screen and (max-width:1024px) {.fusion-body .fusion-builder-column-0{width:50% !important;order : 0;}.fusion-builder-column-0 > .fusion-column-wrapper {margin-right : 9.6%;margin-left : 3.84%;}}@media only screen and (max-width:640px) {.fusion-body .fusion-builder-column-0{width:100% !important;order : 0;}.fusion-builder-column-0 > .fusion-column-wrapper {margin-right : 1.92%;margin-left : 1.92%;}}<\/style><\/div><div class=\"fusion-layout-column fusion_builder_column fusion-builder-column-1 fusion_builder_column_1_2 1_2 fusion-flex-column fusion-flex-align-self-center\"><div class=\"fusion-column-wrapper fusion-flex-justify-content-center fusion-content-layout-column\" style=\"background-position:left top;background-repeat:no-repeat;-webkit-background-size:cover;-moz-background-size:cover;-o-background-size:cover;background-size:cover;padding: 0px 0px 0px 0px;\"><style type=\"text\/css\">@media only screen and (max-width:1024px) {.fusion-title.fusion-title-1{margin-top:10px!important; margin-right:0px!important;margin-bottom:30PX!important;margin-left:0px!important;}}@media only screen and (max-width:640px) {.fusion-title.fusion-title-1{margin-top:10px!important; margin-right:0px!important;margin-bottom:10px!important; margin-left:0px!important;}}<\/style><div class=\"fusion-title title fusion-title-1 sep-underline sep-solid fusion-title-text fusion-title-size-one\" style=\"border-bottom-color:#00638c;margin-top:10px;margin-right:0px;margin-bottom:30PX;margin-left:0px;\"><h1 class=\"title-heading-left fusion-responsive-typography-calculated\" style=\"margin:0;text-transform:uppercase;--fontSize:44;--minFontSize:44px;line-height:1.16;\"><span class=\"VIiyi\" lang=\"fr\"><span class=\"JLqJ4b ChMk0b\" data-language-for-alternatives=\"fr\" data-language-to-translate-into=\"it\" data-phrase-index=\"0\" data-number-of-phrases=\"1\">Qui nous sommes<\/span><\/span><\/h1><\/div><div class=\"fusion-text fusion-text-1\" style=\"color:#00638c;\"><p>BRAND IDENTITY<\/p>\n<\/div><style type=\"text\/css\">@media only screen and (max-width:1024px) {.fusion-title.fusion-title-2{margin-top:10px!important; margin-right:0px!important;margin-bottom:15px!important;margin-left:0px!important;}}@media only screen and (max-width:640px) {.fusion-title.fusion-title-2{margin-top:10px!important; margin-right:0px!important;margin-bottom:10px!important; margin-left:0px!important;}}<\/style><div class=\"fusion-title title fusion-title-2 fusion-sep-none fusion-title-text fusion-title-size-two\" style=\"margin-top:10px;margin-right:0px;margin-bottom:15px;margin-left:0px;\"><h2 class=\"title-heading-left fusion-responsive-typography-calculated\" style=\"margin:0;--fontSize:38;--minFontSize:38px;line-height:1.2;\"><\/h2><\/div><div class=\"fusion-text fusion-text-2\"><p>La marque EMACH est le r\u00e9sultat de la volont\u00e9 de r\u00e9pondre aux demandes de clients de plus en plus exigeants et \u00e0 la recherche de produits domestiques et professionnels de qualit\u00e9 \u00e0 des prix comp\u00e9titifs avec la garantie d\u2019une exp\u00e9rience de quarante ans dans les secteurs de l\u2019\u00e9nergie et de l\u2019hydraulique pour l\u2019industrie et le b\u00e2timent. La valeur d\u2019\u00eatre des constructeurs de premier plan dans ces secteurs permet de transmettre l\u2019exp\u00e9rience n\u00e9cessaire et de garantir des solutions de qualit\u00e9 \u00e9galement dans cette gamme de produits professionnels d\u2019entr\u00e9e de gamme.<\/p>\n<\/div><div style=\"text-align:left;\"><style>.fusion-button.button-1 .fusion-button-text{color:#ffffff;text-transform:uppercase;}.fusion-button.button-1{border-color:#ffffff;border-radius:0px 0px 0px 0px;background:#00638c;}.fusion-button.button-1 i,.fusion-button.button-1:hover .fusion-button-text,.fusion-button.button-1:hover i,.fusion-button.button-1:focus .fusion-button-text,.fusion-button.button-1:focus i,.fusion-button.button-1:active .fusion-button-text,.fusion-button.button-1:active i{color:#ffffff;}.fusion-button.button-1:hover,.fusion-button.button-1:active,.fusion-button.button-1:focus{border-color:#ffffff;background:#00638c;}<\/style><a class=\"fusion-button button-flat fusion-button-default-size button-custom button-1 fusion-button-default-span fusion-button-default-type\" target=\"_self\" href=\"https:\/\/www.eptamachinery.com\/fr\/contactez-nous\/\" style=\"margin-top:60PX;width:calc(100%);\"><span class=\"fusion-button-text\">Request information<\/span><i class=\"fa-arrow-right fas button-icon-right\" aria-hidden=\"true\"><\/i><\/a><\/div><\/div><style type=\"text\/css\">.fusion-body .fusion-builder-column-1{width:50% !important;margin-top : 0px;margin-bottom : 20px;}.fusion-builder-column-1 > .fusion-column-wrapper {padding-top : 0px !important;padding-right : 0px !important;margin-right : 3.84%;padding-bottom : 0px !important;padding-left : 0px !important;margin-left : 9.6%;}@media only screen and (max-width:1024px) {.fusion-body .fusion-builder-column-1{width:50% !important;order : 0;}.fusion-builder-column-1 > .fusion-column-wrapper {margin-right : 3.84%;margin-left : 9.6%;}}@media only screen and (max-width:640px) {.fusion-body .fusion-builder-column-1{width:100% !important;order : 0;}.fusion-builder-column-1 > .fusion-column-wrapper {margin-right : 1.92%;margin-left : 1.92%;}}<\/style><\/div><\/div><style type=\"text\/css\">.fusion-body .fusion-flex-container.fusion-builder-row-1{ padding-top : 0px;margin-top : 0;padding-right : 0px;padding-bottom : 0px;margin-bottom : 0;padding-left : 0px;}@media only screen and (max-width:640px) {.fusion-body .fusion-flex-container.fusion-builder-row-1{ padding-right : 30px;padding-left : 30px;}}<\/style><\/div>\n","protected":false},"excerpt":{"rendered":"","protected":false},"author":1,"featured_media":0,"parent":0,"menu_order":0,"comment_status":"closed","ping_status":"closed","template":"100-width.php","meta":[],"yoast_head":"<!-- This site is optimized with the Yoast SEO plugin v17.7.1 - https:\/\/yoast.com\/wordpress\/plugins\/seo\/ -->\n<title>Qui nous sommes - eptamachinery<\/title>\n<meta name=\"robots\" content=\"index, follow, max-snippet:-1, max-image-preview:large, max-video-preview:-1\" \/>\n<link rel=\"canonical\" href=\"https:\/\/www.eptamachinery.com\/fr\/qui-nous-sommes\/\" \/>\n<meta property=\"og:locale\" content=\"fr_FR\" \/>\n<meta property=\"og:type\" content=\"article\" \/>\n<meta property=\"og:title\" content=\"Qui nous sommes - eptamachinery\" \/>\n<meta property=\"og:url\" content=\"https:\/\/www.eptamachinery.com\/fr\/qui-nous-sommes\/\" \/>\n<meta property=\"og:site_name\" content=\"eptamachinery\" \/>\n<meta property=\"article:modified_time\" content=\"2021-12-09T10:16:40+00:00\" \/>\n<meta name=\"twitter:card\" content=\"summary_large_image\" \/>\n<meta name=\"twitter:label1\" content=\"Dur\u00e9e de lecture estim\u00e9e\" \/>\n\t<meta name=\"twitter:data1\" content=\"4 minutes\" \/>\n<script type=\"application\/ld+json\" class=\"yoast-schema-graph\">{\"@context\":\"https:\/\/schema.org\",\"@graph\":[{\"@type\":\"WebSite\",\"@id\":\"https:\/\/www.eptamachinery.com\/#website\",\"url\":\"https:\/\/www.eptamachinery.com\/\",\"name\":\"eptamachinery\",\"description\":\"\",\"potentialAction\":[{\"@type\":\"SearchAction\",\"target\":{\"@type\":\"EntryPoint\",\"urlTemplate\":\"https:\/\/www.eptamachinery.com\/?s={search_term_string}\"},\"query-input\":\"required name=search_term_string\"}],\"inLanguage\":\"fr-FR\"},{\"@type\":\"WebPage\",\"@id\":\"https:\/\/www.eptamachinery.com\/fr\/qui-nous-sommes\/#webpage\",\"url\":\"https:\/\/www.eptamachinery.com\/fr\/qui-nous-sommes\/\",\"name\":\"Qui nous sommes - eptamachinery\",\"isPartOf\":{\"@id\":\"https:\/\/www.eptamachinery.com\/#website\"},\"datePublished\":\"2021-12-06T15:56:32+00:00\",\"dateModified\":\"2021-12-09T10:16:40+00:00\",\"breadcrumb\":{\"@id\":\"https:\/\/www.eptamachinery.com\/fr\/qui-nous-sommes\/#breadcrumb\"},\"inLanguage\":\"fr-FR\",\"potentialAction\":[{\"@type\":\"ReadAction\",\"target\":[\"https:\/\/www.eptamachinery.com\/fr\/qui-nous-sommes\/\"]}]},{\"@type\":\"BreadcrumbList\",\"@id\":\"https:\/\/www.eptamachinery.com\/fr\/qui-nous-sommes\/#breadcrumb\",\"itemListElement\":[{\"@type\":\"ListItem\",\"position\":1,\"name\":\"Home\",\"item\":\"https:\/\/www.eptamachinery.com\/fr\/\"},{\"@type\":\"ListItem\",\"position\":2,\"name\":\"Qui nous sommes\"}]}]}<\/script>\n<!-- \/ Yoast SEO plugin. -->","yoast_head_json":{"title":"Qui nous sommes - eptamachinery","robots":{"index":"index","follow":"follow","max-snippet":"max-snippet:-1","max-image-preview":"max-image-preview:large","max-video-preview":"max-video-preview:-1"},"canonical":"https:\/\/www.eptamachinery.com\/fr\/qui-nous-sommes\/","og_locale":"fr_FR","og_type":"article","og_title":"Qui nous sommes - eptamachinery","og_url":"https:\/\/www.eptamachinery.com\/fr\/qui-nous-sommes\/","og_site_name":"eptamachinery","article_modified_time":"2021-12-09T10:16:40+00:00","twitter_card":"summary_large_image","twitter_misc":{"Dur\u00e9e de lecture estim\u00e9e":"4 minutes"},"schema":{"@context":"https:\/\/schema.org","@graph":[{"@type":"WebSite","@id":"https:\/\/www.eptamachinery.com\/#website","url":"https:\/\/www.eptamachinery.com\/","name":"eptamachinery","description":"","potentialAction":[{"@type":"SearchAction","target":{"@type":"EntryPoint","urlTemplate":"https:\/\/www.eptamachinery.com\/?s={search_term_string}"},"query-input":"required name=search_term_string"}],"inLanguage":"fr-FR"},{"@type":"WebPage","@id":"https:\/\/www.eptamachinery.com\/fr\/qui-nous-sommes\/#webpage","url":"https:\/\/www.eptamachinery.com\/fr\/qui-nous-sommes\/","name":"Qui nous sommes - eptamachinery","isPartOf":{"@id":"https:\/\/www.eptamachinery.com\/#website"},"datePublished":"2021-12-06T15:56:32+00:00","dateModified":"2021-12-09T10:16:40+00:00","breadcrumb":{"@id":"https:\/\/www.eptamachinery.com\/fr\/qui-nous-sommes\/#breadcrumb"},"inLanguage":"fr-FR","potentialAction":[{"@type":"ReadAction","target":["https:\/\/www.eptamachinery.com\/fr\/qui-nous-sommes\/"]}]},{"@type":"BreadcrumbList","@id":"https:\/\/www.eptamachinery.com\/fr\/qui-nous-sommes\/#breadcrumb","itemListElement":[{"@type":"ListItem","position":1,"name":"Home","item":"https:\/\/www.eptamachinery.com\/fr\/"},{"@type":"ListItem","position":2,"name":"Qui nous sommes"}]}]}},"_links":{"self":[{"href":"https:\/\/www.eptamachinery.com\/fr\/wp-json\/wp\/v2\/pages\/687"}],"collection":[{"href":"https:\/\/www.eptamachinery.com\/fr\/wp-json\/wp\/v2\/pages"}],"about":[{"href":"https:\/\/www.eptamachinery.com\/fr\/wp-json\/wp\/v2\/types\/page"}],"author":[{"embeddable":true,"href":"https:\/\/www.eptamachinery.com\/fr\/wp-json\/wp\/v2\/users\/1"}],"replies":[{"embeddable":true,"href":"https:\/\/www.eptamachinery.com\/fr\/wp-json\/wp\/v2\/comments?post=687"}],"version-history":[{"count":4,"href":"https:\/\/www.eptamachinery.com\/fr\/wp-json\/wp\/v2\/pages\/687\/revisions"}],"predecessor-version":[{"id":966,"href":"https:\/\/www.eptamachinery.com\/fr\/wp-json\/wp\/v2\/pages\/687\/revisions\/966"}],"wp:attachment":[{"href":"https:\/\/www.eptamachinery.com\/fr\/wp-json\/wp\/v2\/media?parent=687"}],"curies":[{"name":"wp","href":"https:\/\/api.w.org\/{rel}","templated":true}]}}